{"id":7,"date":"2019-01-08T00:35:20","date_gmt":"2019-01-07T23:35:20","guid":{"rendered":"http:\/\/dzialkainwestycyjna.pl\/?page_id=7"},"modified":"2021-11-14T01:44:37","modified_gmt":"2021-11-14T00:44:37","slug":"strona-glowna","status":"publish","type":"page","link":"https:\/\/dzialkainwestycyjna.pl\/","title":{"rendered":"Strona g\u0142\u00f3wna"},"content":{"rendered":"<p>[et_pb_section fb_built=&#8221;1&#8243; fullwidth=&#8221;on&#8221; _builder_version=&#8221;3.22&#8243; background_color=&#8221;#2ea3f2&#8243; use_background_color_gradient=&#8221;on&#8221; background_color_gradient_start=&#8221;#2ea3f2&#8243; background_color_gradient_end=&#8221;#2e6df4&#8243; background_color_gradient_direction=&#8221;330deg&#8221; global_colors_info=&#8221;{}&#8221;][et_pb_fullwidth_header title=&#8221;Sprzedam dzia\u0142k\u0119 inwestycyjn\u0105 wraz z nieruchomo\u015bci\u0105&#8221; text_orientation=&#8221;center&#8221; _builder_version=&#8221;3.19.3&#8243; background_color=&#8221;rgba(255, 255, 255, 0)&#8221; global_colors_info=&#8221;{}&#8221; button_one_text_size__hover_enabled=&#8221;off&#8221; button_two_text_size__hover_enabled=&#8221;off&#8221; button_one_text_color__hover_enabled=&#8221;off&#8221; button_two_text_color__hover_enabled=&#8221;off&#8221; button_one_border_width__hover_enabled=&#8221;off&#8221; button_two_border_width__hover_enabled=&#8221;off&#8221; button_one_border_color__hover_enabled=&#8221;off&#8221; button_two_border_color__hover_enabled=&#8221;off&#8221; button_one_border_radius__hover_enabled=&#8221;off&#8221; button_two_border_radius__hover_enabled=&#8221;off&#8221; button_one_letter_spacing__hover_enabled=&#8221;off&#8221; button_two_letter_spacing__hover_enabled=&#8221;off&#8221; button_one_bg_color__hover_enabled=&#8221;off&#8221; button_two_bg_color__hover_enabled=&#8221;off&#8221;][\/et_pb_fullwidth_header][\/et_pb_section][et_pb_section fb_built=&#8221;1&#8243; _builder_version=&#8221;3.22&#8243; custom_padding=&#8221;54px|0px|0|0px|false|false&#8221; global_colors_info=&#8221;{}&#8221;][et_pb_row _builder_version=&#8221;3.25&#8243; background_size=&#8221;initial&#8221; background_position=&#8221;top_left&#8221; background_repeat=&#8221;repeat&#8221; global_colors_info=&#8221;{}&#8221; column_structure=&#8221;2_5,3_5&#8243;][et_pb_column type=&#8221;2_5&#8243; _builder_version=&#8221;3.25&#8243; custom_padding=&#8221;|||&#8221; global_colors_info=&#8221;{}&#8221; custom_padding__hover=&#8221;|||&#8221;][et_pb_text _builder_version=&#8221;3.27.4&#8243; text_font=&#8221;||||||||&#8221; header_font=&#8221;||||||||&#8221; background_size=&#8221;initial&#8221; background_position=&#8221;top_left&#8221; background_repeat=&#8221;repeat&#8221; global_colors_info=&#8221;{}&#8221;]<\/p>\n<p><strong style=\"font-size: 14px;\">Powierzchnia:<\/strong><span style=\"font-size: 14px;\"> 15 626 m\u00b2<\/span><\/p>\n<p><strong>Wymiary:<\/strong> 56 x 280m<\/p>\n<p><strong style=\"font-size: 14px;\">Lokalizacja:<\/strong><span style=\"font-size: 14px;\"> Siewierz, woj. \u015al\u0105skie, ul. Parkowa<br \/><\/span><span style=\"font-size: 14px;\">ok. 1km od DK 1<br \/><\/span><span style=\"font-size: 14px;\">ok. 10 km od lotniska Pyrzowice i autostrady A1<\/span><\/p>\n<p><span style=\"font-size: 14px;\"><\/span><\/p>\n<p><strong>Cechy:<\/strong><br \/>&#8211; w pe\u0142ni ogrodzona, z bram\u0105 wraz ze str\u00f3\u017c\u00f3wk\u0105 na wje\u017adzie<br \/>&#8211; kszta\u0142t prostok\u0105ta, u\u0142atwiaj\u0105cy jej praktyczne zagospodarowanie<br \/>&#8211; wewn\u0119trzna droga asfaltowa, kt\u00f3ra \u0142\u0105czy si\u0119 z drog\u0105 z asfaltow\u0105 drog\u0105 publiczn\u0105 (powiatow\u0105)<br \/>&#8211; cz\u0119\u015bciowo zabudowana<br \/>&#8211; teren wzd\u0142u\u017c ogrodzenia poro\u015bni\u0119ty kilkunastoletnimi drzewami (tuje, sosny)<br \/>&#8211; \u015brodkowe oko\u0142o 1ha placu utwardzone betonem (mo\u017cliwo\u015b\u0107 zdj\u0119cia utwardzenia na \u017cyczenie)<br \/>&#8211; pr\u0105d, woda, gaz<span style=\"font-size: 14px;\"><\/span><\/p>\n<p><strong>Cena:<\/strong> 2 500 000 z\u0142 (103 z\u0142\/m\u00b2) &#8211; do negocjacji<\/p>\n<p>[\/et_pb_text][\/et_pb_column][et_pb_column type=&#8221;3_5&#8243; _builder_version=&#8221;3.25&#8243; custom_padding=&#8221;|||&#8221; global_colors_info=&#8221;{}&#8221; custom_padding__hover=&#8221;|||&#8221;][et_pb_image src=&#8221;http:\/\/dzialkainwestycyjna.pl\/wp-content\/uploads\/2019\/01\/dzialka.jpg&#8221; align=&#8221;center&#8221; align_tablet=&#8221;center&#8221; align_last_edited=&#8221;on|desktop&#8221; _builder_version=&#8221;3.23&#8243; max_width=&#8221;74%&#8221; max_width_tablet=&#8221;&#8221; max_width_phone=&#8221;&#8221; max_width_last_edited=&#8221;on|desktop&#8221; module_alignment=&#8221;center&#8221; global_colors_info=&#8221;{}&#8221; max_width__hover_enabled=&#8221;on&#8221; max_width__hover=&#8221;74%&#8221; align_phone=&#8221;center&#8221;][\/et_pb_image][\/et_pb_column][\/et_pb_row][et_pb_row _builder_version=&#8221;3.25&#8243; background_size=&#8221;initial&#8221; background_position=&#8221;top_left&#8221; background_repeat=&#8221;repeat&#8221; global_colors_info=&#8221;{}&#8221; column_structure=&#8221;1_5,3_5,1_5&#8243;][et_pb_column type=&#8221;1_5&#8243; _builder_version=&#8221;3.25&#8243; custom_padding=&#8221;|||&#8221; global_colors_info=&#8221;{}&#8221; custom_padding__hover=&#8221;|||&#8221;][\/et_pb_column][et_pb_column type=&#8221;3_5&#8243; _builder_version=&#8221;3.25&#8243; custom_padding=&#8221;|||&#8221; global_colors_info=&#8221;{}&#8221; custom_padding__hover=&#8221;|||&#8221;][et_pb_text _builder_version=&#8221;3.27.4&#8243; global_colors_info=&#8221;{}&#8221;]<\/p>\n<p style=\"text-align: center;\"><span style=\"font-size: x-large;\"><strong>Telefon kontaktowy:<\/strong> 508 079 850<\/span><br \/><span style=\"font-size: x-large;\"><strong>Adres email:<\/strong> kontakt@tomaszlukasik.pl<\/span><\/p>\n<p style=\"text-align: center;\"><span style=\"font-size: x-large;\"><\/span><\/p>\n<p style=\"text-align: center;\"><span style=\"font-size: x-large;\"><\/span><\/p>\n<p>[\/et_pb_text][et_pb_text _builder_version=&#8221;3.27.4&#8243; global_colors_info=&#8221;{}&#8221;]<\/p>\n<p>Do sprzedania nieruchomo\u015b\u0107 pod inwestycje o powierzchni 15\u00a0626m2, dobrze skomunikowana.<\/p>\n<p> Lokalizacja: Siewierz, woj. \u015al\u0105skie, ul. Parkowa<br \/> ok. 1km od DK 1<br \/> ok. 10 km od lotniska Pyrzowice i autostrady A1<\/p>\n<p> Nieruchomo\u015b\u0107 ogrodzona o powierzchni 1,5626 ha w kszta\u0142cie zbli\u017conym do prostok\u0105ta o wymiarach 56 x 280 m oraz z drog\u0105 wewn\u0119trzn\u0105 asfaltow\u0105, kt\u00f3ra \u0142\u0105czy si\u0119 z drog\u0105 publiczn\u0105 (powiatow\u0105).<\/p>\n<p>Nieruchomo\u015b\u0107 cz\u0119\u015bciowo zabudowana budynkiem biurowo-socjalnym, cz\u0119\u015bciowo podpiwniczonym, bezpo\u015brednio skomunikowanym poprzez korytarz o szeroko\u015bci 2,6m z 6-cioma halami bezpo\u015brednio do siebie przyleg\u0142ymi, ka\u017cda o wymiarach 5,3m x 17,2m, wysoko\u015bci 3,7m. Nad ca\u0142o\u015bci\u0105 zabudowy zadaszenie oraz jednolity, ocieplony strop do zagospodarowania.<\/p>\n<p>Teren wzd\u0142u\u017c ogrodzenia poro\u015bni\u0119ty kilkunastoletnimi drzewami ( tuje i sosna kaukaska). \u015arodkowa cz\u0119\u015b\u0107 placu na powierzchni oko\u0142o 1 hektara utwardzona za pomoc\u0105 betonu.<\/p>\n<p>Na dzia\u0142ce pr\u0105d, woda, gaz (studnie g\u0142\u0119binowe).<\/p>\n<p> Do sprzedania w cenie 103 z\u0142\/m2\u00a0 (1\u00a0600\u00a0000 z\u0142). Cena do negocjacji.<\/p>\n<p>[\/et_pb_text][et_pb_text _builder_version=&#8221;3.27.4&#8243; global_colors_info=&#8221;{}&#8221;][\/et_pb_text][\/et_pb_column][et_pb_column type=&#8221;1_5&#8243; _builder_version=&#8221;3.25&#8243; custom_padding=&#8221;|||&#8221; global_colors_info=&#8221;{}&#8221; custom_padding__hover=&#8221;|||&#8221;][\/et_pb_column][\/et_pb_row][\/et_pb_section][et_pb_section fb_built=&#8221;1&#8243; _builder_version=&#8221;3.22&#8243; custom_padding=&#8221;8px|0px|0|0px|false|false&#8221; global_colors_info=&#8221;{}&#8221;][et_pb_row _builder_version=&#8221;3.25&#8243; custom_padding=&#8221;27px|0px|51px|0px|false|false&#8221; global_colors_info=&#8221;{}&#8221;][et_pb_column type=&#8221;4_4&#8243; _builder_version=&#8221;3.25&#8243; custom_padding=&#8221;|||&#8221; global_colors_info=&#8221;{}&#8221; custom_padding__hover=&#8221;|||&#8221;][et_pb_gallery gallery_ids=&#8221;38,15,16,17,18&#8243; fullwidth=&#8221;on&#8221; _builder_version=&#8221;3.19.3&#8243; pagination_font=&#8221;||||||||&#8221; pagination_text_color=&#8221;#ffffff&#8221; max_width=&#8221;77%&#8221; module_alignment=&#8221;center&#8221; auto=&#8221;on&#8221; auto_speed=&#8221;3000&#8243; global_colors_info=&#8221;{}&#8221;][\/et_pb_gallery][\/et_pb_column][\/et_pb_row][\/et_pb_section]<\/p>\n","protected":false},"excerpt":{"rendered":"<p>Powierzchnia: 15 626 m\u00b2 Wymiary: 56 x 280m Lokalizacja: Siewierz, woj. \u015al\u0105skie, ul. Parkowaok. 1km od DK 1ok. 10 km od lotniska Pyrzowice i autostrady A1 Cechy:- w pe\u0142ni ogrodzona, z bram\u0105 wraz ze str\u00f3\u017c\u00f3wk\u0105 na wje\u017adzie- kszta\u0142t prostok\u0105ta, u\u0142atwiaj\u0105cy jej praktyczne zagospodarowanie- wewn\u0119trzna droga asfaltowa, kt\u00f3ra \u0142\u0105czy si\u0119 z drog\u0105 z asfaltow\u0105 drog\u0105 publiczn\u0105 [&hellip;]<\/p>\n","protected":false},"author":1,"featured_media":0,"parent":0,"menu_order":0,"comment_status":"closed","ping_status":"closed","template":"","meta":{"_et_pb_use_builder":"on","_et_pb_old_content":"","_et_gb_content_width":""},"_links":{"self":[{"href":"https:\/\/dzialkainwestycyjna.pl\/index.php?rest_route=\/wp\/v2\/pages\/7"}],"collection":[{"href":"https:\/\/dzialkainwestycyjna.pl\/index.php?rest_route=\/wp\/v2\/pages"}],"about":[{"href":"https:\/\/dzialkainwestycyjna.pl\/index.php?rest_route=\/wp\/v2\/types\/page"}],"author":[{"embeddable":true,"href":"https:\/\/dzialkainwestycyjna.pl\/index.php?rest_route=\/wp\/v2\/users\/1"}],"replies":[{"embeddable":true,"href":"https:\/\/dzialkainwestycyjna.pl\/index.php?rest_route=%2Fwp%2Fv2%2Fcomments&post=7"}],"version-history":[{"count":9,"href":"https:\/\/dzialkainwestycyjna.pl\/index.php?rest_route=\/wp\/v2\/pages\/7\/revisions"}],"predecessor-version":[{"id":42,"href":"https:\/\/dzialkainwestycyjna.pl\/index.php?rest_route=\/wp\/v2\/pages\/7\/revisions\/42"}],"wp:attachment":[{"href":"https:\/\/dzialkainwestycyjna.pl\/index.php?rest_route=%2Fwp%2Fv2%2Fmedia&parent=7"}],"curies":[{"name":"wp","href":"https:\/\/api.w.org\/{rel}","templated":true}]}}